{"id":21,"date":"2019-12-25T19:12:41","date_gmt":"2019-12-25T18:12:41","guid":{"rendered":"http:\/\/pcf08.com\/?page_id=21"},"modified":"2020-11-12T19:12:24","modified_gmt":"2020-11-12T18:12:24","slug":"jeunesse-communiste","status":"publish","type":"page","link":"https:\/\/pcf08.com\/index.php\/jeunesse-communiste\/","title":{"rendered":"Jeunesse Communiste"},"content":{"rendered":"<div id=\"pl-21\"  class=\"panel-layout\" ><div id=\"pg-21-0\"  class=\"panel-grid panel-no-style\" ><div id=\"pgc-21-0-0\"  class=\"panel-grid-cell\" ><div id=\"panel-21-0-0-0\" class=\"so-panel widget widget_sow-editor panel-first-child\" data-index=\"0\" ><div class=\"panel-widget-style panel-widget-style-for-21-0-0-0\" ><div\n\t\t\t\n\t\t\tclass=\"so-widget-sow-editor so-widget-sow-editor-base\"\n\t\t\t\n\t\t><h3 class=\"widget-title\"><font color=\"#ff6600\">Les livraisons rouges de la Jenunesse Communiste<\/font><\/h3>\n<div class=\"siteorigin-widget-tinymce textwidget\">\n\t<p><a href=\"http:\/\/pcf08.com\/index.php\/2020\/11\/12\/les-livraisons-rouges-de-la-jeunesse-communiste\/\"><img loading=\"lazy\" decoding=\"async\" class=\"size-medium wp-image-570 aligncenter\" src=\"http:\/\/pcf08.com\/wp-content\/uploads\/2020\/11\/livraisons-rouges-240x300.png\" alt=\"\" width=\"240\" height=\"300\" srcset=\"https:\/\/pcf08.com\/wp-content\/uploads\/2020\/11\/livraisons-rouges-240x300.png 240w, https:\/\/pcf08.com\/wp-content\/uploads\/2020\/11\/livraisons-rouges-819x1024.png 819w, https:\/\/pcf08.com\/wp-content\/uploads\/2020\/11\/livraisons-rouges-768x960.png 768w, https:\/\/pcf08.com\/wp-content\/uploads\/2020\/11\/livraisons-rouges.png 1080w\" sizes=\"(max-width: 240px) 100vw, 240px\" \/><\/a><\/p>\n<\/div>\n<\/div><\/div><\/div><div id=\"panel-21-0-0-1\" class=\"so-panel widget widget_sow-editor\" data-index=\"1\" ><div class=\"panel-widget-style panel-widget-style-for-21-0-0-1\" ><div\n\t\t\t\n\t\t\tclass=\"so-widget-sow-editor so-widget-sow-editor-base\"\n\t\t\t\n\t\t><h3 class=\"widget-title\"><font color=\"#ff6600\">11 novembre 2020 : discours du MJCF<\/font><\/h3>\n<div class=\"siteorigin-widget-tinymce textwidget\">\n\t<h5><img loading=\"lazy\" decoding=\"async\" class=\"size-medium wp-image-581 alignleft\" src=\"http:\/\/pcf08.com\/wp-content\/uploads\/2020\/11\/11-novembre-240x300.png\" alt=\"\" width=\"240\" height=\"300\" srcset=\"https:\/\/pcf08.com\/wp-content\/uploads\/2020\/11\/11-novembre-240x300.png 240w, https:\/\/pcf08.com\/wp-content\/uploads\/2020\/11\/11-novembre-819x1024.png 819w, https:\/\/pcf08.com\/wp-content\/uploads\/2020\/11\/11-novembre-768x960.png 768w, https:\/\/pcf08.com\/wp-content\/uploads\/2020\/11\/11-novembre.png 1080w\" sizes=\"(max-width: 240px) 100vw, 240px\" \/>Aujourd\u2019hui, mercredi 11 novembre 2020 nous ne pouvons pas nous rendre aux comm\u00e9morations. Pour autant, nous tenons \u00e0 rappeler notre ind\u00e9fectible combat pour la paix, pour la souverainet\u00e9 des peuples et pour la m\u00e9moire. Nous rappelons \u00e9galement que nous exigeons la r\u00e9habilitation collective des fusill\u00e9s pour l\u2019exemple !<\/h5>\n<h5 style=\"text-align: center;\"><a href=\"http:\/\/pcf08.com\/index.php\/2020\/11\/12\/11-novembre-2020-discours-mjcf08\/\">L'article<\/a><\/h5>\n<\/div>\n<\/div><\/div><\/div><div id=\"panel-21-0-0-2\" class=\"so-panel widget widget_sow-editor\" data-index=\"2\" ><div class=\"panel-widget-style panel-widget-style-for-21-0-0-2\" ><div\n\t\t\t\n\t\t\tclass=\"so-widget-sow-editor so-widget-sow-editor-base\"\n\t\t\t\n\t\t><h3 class=\"widget-title\"><font color=\"#ff6600\">Violences contre les lyc\u00e9ennes et les lyc\u00e9ens mobilis\u00e9.e.s<\/font><\/h3>\n<div class=\"siteorigin-widget-tinymce textwidget\">\n\t<h5 style=\"text-align: left;\">Depuis la rentr\u00e9e chaotique de la semaine derni\u00e8re caus\u00e9e par l\u2019incapacit\u00e9 du pouvoir en place de mettre sur pied un protocole sanitaire rigoureux, efficace et r\u00e9alisable dans les lyc\u00e9es, les mobilisations s\u2019encha\u00eenent. Les lyc\u00e9ennes et les lyc\u00e9ens veulent \u00e9tudier dans de bonnes conditions, et sans courir le danger sanitaire que repr\u00e9sente la COVID 19.<\/h5>\n<p style=\"text-align: center;\"><a href=\"http:\/\/pcf08.com\/index.php\/2020\/11\/12\/violences-contre-les-lyceennes-et-lyceens-mobilise-e-s\/\">L'article<\/a><\/p>\n<\/div>\n<\/div><\/div><\/div><div id=\"panel-21-0-0-3\" class=\"so-panel widget widget_sow-editor panel-last-child\" data-index=\"3\" ><div class=\"panel-widget-style panel-widget-style-for-21-0-0-3\" ><div\n\t\t\t\n\t\t\tclass=\"so-widget-sow-editor so-widget-sow-editor-base\"\n\t\t\t\n\t\t>\n<div class=\"siteorigin-widget-tinymce textwidget\">\n\t<p style=\"text-align: center;\"><img loading=\"lazy\" decoding=\"async\" class=\"size-medium wp-image-267 aligncenter\" src=\"http:\/\/pcf08.com\/wp-content\/uploads\/2020\/05\/jc-300x300.jpg\" alt=\"\" width=\"300\" height=\"300\" srcset=\"https:\/\/pcf08.com\/wp-content\/uploads\/2020\/05\/jc-300x300.jpg 300w, https:\/\/pcf08.com\/wp-content\/uploads\/2020\/05\/jc-150x150.jpg 150w, https:\/\/pcf08.com\/wp-content\/uploads\/2020\/05\/jc-768x768.jpg 768w, https:\/\/pcf08.com\/wp-content\/uploads\/2020\/05\/jc.jpg 960w\" sizes=\"(max-width: 300px) 100vw, 300px\" \/><a href=\"http:\/\/pcf08.com\/index.php\/2020\/05\/19\/les-lyceens-sont-dans-le-flou\/\">L'article<\/a><\/p>\n<\/div>\n<\/div><\/div><\/div><\/div><div id=\"pgc-21-0-1\"  class=\"panel-grid-cell\" ><div id=\"panel-21-0-1-0\" class=\"so-panel widget widget_sow-editor panel-first-child\" data-index=\"4\" ><div class=\"panel-widget-style panel-widget-style-for-21-0-1-0\" ><div\n\t\t\t\n\t\t\tclass=\"so-widget-sow-editor so-widget-sow-editor-base\"\n\t\t\t\n\t\t><h3 class=\"widget-title\"><font color=\"#ff6600\">CONTACT<\/font><\/h3>\n<div class=\"siteorigin-widget-tinymce textwidget\">\n\t<p style=\"text-align: center;\"><a href=\"mailto:jeunesse.communiste08@gmail.com\">jeunesse.communiste08@gmail.com<\/a><\/p>\n<\/div>\n<\/div><\/div><\/div><div id=\"panel-21-0-1-1\" class=\"so-panel widget widget_sow-editor\" data-index=\"5\" ><div class=\"panel-widget-style panel-widget-style-for-21-0-1-1\" ><div\n\t\t\t\n\t\t\tclass=\"so-widget-sow-editor so-widget-sow-editor-base\"\n\t\t\t\n\t\t><h3 class=\"widget-title\"><font color=\"#ff6600\">Centenaire du MJCF<\/font><\/h3>\n<div class=\"siteorigin-widget-tinymce textwidget\">\n\t<h5><img loading=\"lazy\" decoding=\"async\" class=\"size-medium wp-image-573 alignleft\" src=\"http:\/\/pcf08.com\/wp-content\/uploads\/2020\/11\/centenairemjcf-300x243.jpg\" alt=\"\" width=\"300\" height=\"243\" srcset=\"https:\/\/pcf08.com\/wp-content\/uploads\/2020\/11\/centenairemjcf-300x243.jpg 300w, https:\/\/pcf08.com\/wp-content\/uploads\/2020\/11\/centenairemjcf.jpg 562w\" sizes=\"(max-width: 300px) 100vw, 300px\" \/>Il y a 100 ans, le 1er Novembre 1920, les Jeunesses socialistes d\u00e9cidaient lors de leur congr\u00e8s de la Bellevilloise de rejoindre l\u2019Internationale Communiste des Jeunes quelques semaines avant que la SFIC (Section Fran\u00e7aise de l\u2019Internationale Communiste, futur PCF, voit le jour lors du c\u00e9l\u00e8bre Congr\u00e8s de Tours.<\/h5>\n<p style=\"text-align: center;\"><a href=\"http:\/\/pcf08.com\/index.php\/2020\/11\/12\/centenaire-du-mjcf\/\">La suite de l'article<\/a><\/p>\n<\/div>\n<\/div><\/div><\/div><div id=\"panel-21-0-1-2\" class=\"so-panel widget widget_sow-editor\" data-index=\"6\" ><div class=\"panel-widget-style panel-widget-style-for-21-0-1-2\" ><div\n\t\t\t\n\t\t\tclass=\"so-widget-sow-editor so-widget-sow-editor-base\"\n\t\t\t\n\t\t><h3 class=\"widget-title\"><font color=\"#ff6600\">Intervention de la JC au repas des v\u00e9t\u00e9rans<\/font><\/h3>\n<div class=\"siteorigin-widget-tinymce textwidget\">\n\t<p style=\"text-align: center;\"><iframe loading=\"lazy\" width=\"560\" height=\"315\" src=\"https:\/\/www.youtube.com\/embed\/gTaCGIZvdgg\" frameborder=\"0\" allow=\"accelerometer; autoplay; encrypted-media; gyroscope; picture-in-picture\" allowfullscreen><\/iframe><\/p>\n<\/div>\n<\/div><\/div><\/div><div id=\"panel-21-0-1-3\" class=\"so-panel widget widget_sow-editor panel-last-child\" data-index=\"7\" ><div class=\"panel-widget-style panel-widget-style-for-21-0-1-3\" ><div\n\t\t\t\n\t\t\tclass=\"so-widget-sow-editor so-widget-sow-editor-base\"\n\t\t\t\n\t\t><h3 class=\"widget-title\"><font color=\"#ff6600\">Intervention de la JC au repas des v\u00e9t\u00e9rans du 2 f\u00e9vrier<\/font><\/h3>\n<div class=\"siteorigin-widget-tinymce textwidget\">\n\t<p><img loading=\"lazy\" decoding=\"async\" class=\"size-medium wp-image-166 alignleft\" src=\"http:\/\/pcf08.com\/wp-content\/uploads\/2020\/02\/JCVETERAN-300x225.jpg\" alt=\"\" width=\"300\" height=\"225\" srcset=\"https:\/\/pcf08.com\/wp-content\/uploads\/2020\/02\/JCVETERAN-300x225.jpg 300w, https:\/\/pcf08.com\/wp-content\/uploads\/2020\/02\/JCVETERAN-768x576.jpg 768w, https:\/\/pcf08.com\/wp-content\/uploads\/2020\/02\/JCVETERAN.jpg 960w\" sizes=\"(max-width: 300px) 100vw, 300px\" \/>Il y a 1 an, s\u2019est reform\u00e9 le Mouvement des Jeunes Communistes de France dans notre d\u00e9partement des Ardennes. Aujourd\u2019hui, forte de plus de 50 adh\u00e9rents, de plus de 50 militants convaincus et d\u00e9termin\u00e9s, la JC redonne l\u2019espoir de jours meilleurs pour les jeunes ardennais.<\/p>\n<p>En France, la Jeunesse Communiste se mobilise partout face \u00e0 ce capitalisme toujours plus destructeur, face \u00e0 cette bourgeoisie toujours plus motiv\u00e9e \u00e0 d\u00e9tricoter les conquis sociaux et \u00e0 faire son profit sur le dos des travailleurs. Ces conquis arrach\u00e9s apr\u00e8s de longues luttes que nous n\u2019oublierons jamais.<\/p>\n<p>Tout comme le grand Parti Communiste Fran\u00e7ais, la Jeunesse Communiste entre dans sa 100<sup>\u00e8me<\/sup> ann\u00e9e. Cent ans de lutte aupr\u00e8s du Parti Communiste, cent ans de lutte aupr\u00e8s de la CGT, cent ans de lutte aupr\u00e8s de la CNL, cent ans de lutte aupr\u00e8s de l\u2019ARAC, cent ans de lutte aupr\u00e8s de notre journal l\u2019Humanit\u00e9, cent ans de lutte aupr\u00e8s des travailleuses et des travailleurs.<\/p>\n<p>La Jeunesse Communiste a toujours \u00e9t\u00e9 au front pour combattre la classe exploiteuse, le fascisme et la guerre. Gr\u00e2ce \u00e0 vous, aujourd\u2019hui cet h\u00e9ritage r\u00e9volutionnaire traverse nos esprits. C\u2019est pourquoi au nom de la Jeunesse Communiste des Ardennes, je tiens \u00e0 vous dire que nous d\u00e9fendrons ces 100 ans de lutte, ainsi que nos racines.<\/p>\n<p>Vaillants de 2020, nous sommes fils de montagnards, fils de la 1<sup>\u00e8re<\/sup> R\u00e9publique et de la constitution de 1793, fils de Robespierre, de Saint-Just et de Babeuf. Fils de la grande r\u00e9publique sociale qu\u2019ont d\u00e9fendu les r\u00e9volutionnaires du XIXe si\u00e8cle. Fils de Blanqui, nous sommes, tant le Parti Communiste que la Jeunesse Communiste, les h\u00e9ritiers des communards. Les h\u00e9ritiers de 36 et du maquis, de tous les r\u00e9sistants, de tous les Jeunes Communistes morts pour la libert\u00e9 en Espagne comme en France. Fils de Rol Tanguy, de Guy Moquet, de Duclos, de Thorez. Fils du programme des jours heureux. Fils de 68, de 95. Et j\u2019en passe.<\/p>\n<p>Jamais, Jamais, Jamais nous ne renieront cet h\u00e9ritage, nous le connaissons et le d\u00e9fendons.<\/p>\n<p>Pour un prol\u00e9tariat uni, la jeunesse doit s\u2019inscrire pleinement dans la lutte\u00a0! Lyc\u00e9ens, \u00e9tudiants et jeunes travailleurs doivent se lever et se l\u00e8veront face aux r\u00e9formes mortif\u00e8res des gouvernements successifs. Voil\u00e0 ce que certains appellent la d\u00e9mocratie. Entre la droite r\u00e9actionnaire et la gauche sociale-lib\u00e9rale, le vote communiste est le seul vote possible.<\/p>\n<p>Pour finir, dans sa perspective internationaliste la jeunesse communiste d\u00e9fendra corps et \u00e2me, les r\u00e9publiques populaires et d\u00e9mocratiques tant en Am\u00e9rique du Sud, en Afrique qu\u2019en Asie. Notre amour de la partie s\u2019allie parfaitement \u00e0 notre internationalisme sans faille. Nous ferons toujours le choix de ce qu\u2019ils appellent dictature face \u00e0 ce qu\u2019ils nomment d\u00e9mocratie si la premi\u00e8re est du prol\u00e9tariat et la deuxi\u00e8me de la bourgeoisie.<\/p>\n<p>Merci \u00e0 vous, merci pour toutes vos conqu\u00eates, toutes vos luttes, tous vos jours de gr\u00e8ves.<\/p>\n<p>Aujourd\u2019hui nous nous battons pour le retrait de la r\u00e9forme des retraites. Demain nous f\u00eaterons l\u2019av\u00e8nement d\u2019une soci\u00e9t\u00e9 nouvelle\u00a0!!!<\/p>\n<p>Ces sur les mots de Krasucki que je terminerai, dans son livre <strong><u>Syndicats et lutte de classes <\/u><\/strong>il \u00e9crivait\u00a0:<\/p>\n<p>\u00ab\u00a0Aimer la classe ouvri\u00e8re, combattre pour elle de tout l\u2019\u00e9lan dont on est capable, cela ne demande pas l\u2019aveuglement, mais la lucidit\u00e9. C\u2019est apprendre \u00e0 le faire bien pour la conduire non \u00e0 la d\u00e9faite, mais au succ\u00e8s.<\/p>\n<p>Nul n\u2019est plus riche de sentiments \u00e9lev\u00e9s que ceux qui s\u2019y consacrent, sinon comment le pourraient-ils\u00a0? Mais nul ne r\u00e9agit aussi vivement lorsque l\u2019on pr\u00e9tend opposer ces sentiments \u00e0 la raison et \u00e0 la connaissance sans lesquelles ils sont vou\u00e9s \u00e0 l\u2019enfer des bonnes intentions.<\/p>\n<p>Et s\u2019il n\u2019y a rien de plus beau, de plus digne d\u2019\u00eatre v\u00e9cu que cette vie-l\u00e0 et ce combat, c\u2019est parce que son but est grand et qu\u2019il y faut tout \u00e0 la fois le c\u0153ur et l\u2019intelligence.\u00a0\u00bb<\/p>\n<p>C\u2019est bien pour cela que la JC est indispensable, sa beaut\u00e9 r\u00e9side dans son ind\u00e9pendance. Elle se doit de former les futurs militants et les futurs cadres de toutes les organisations r\u00e9volutionnaires et communistes cit\u00e9es plus t\u00f4t qu\u2019elles soient politiques, syndicales ou associatives.<\/p>\n<p><b><i>Discours de notre Secr\u00e9taire F\u00e9d\u00e9ral Esteban EVRARD au repas des v\u00e9t\u00e9rans du Parti Communiste.<\/i><\/b><\/p>\n<\/div>\n<\/div><\/div><\/div><\/div><\/div><\/div>","protected":false},"excerpt":{"rendered":"<p>Aujourd\u2019hui, mercredi 11 novembre 2020 nous ne pouvons pas nous rendre aux comm\u00e9morations. Pour autant, nous tenons \u00e0 rappeler notre ind\u00e9fectible combat pour la paix, pour la souverainet\u00e9 des peuples et pour la m\u00e9moire. Nous rappelons \u00e9galement que nous exigeons la r\u00e9habilitation collective des fusill\u00e9s pour l\u2019exemple ! L&rsquo;article Depuis la rentr\u00e9e chaotique de la [&hellip;]<\/p>\n","protected":false},"author":1,"featured_media":0,"parent":0,"menu_order":0,"comment_status":"closed","ping_status":"closed","template":"","meta":{"saved_in_kubio":false,"footnotes":""},"class_list":["post-21","page","type-page","status-publish","hentry"],"kubio_ai_page_context":{"short_desc":"","purpose":"general"},"_links":{"self":[{"href":"https:\/\/pcf08.com\/index.php\/wp-json\/wp\/v2\/pages\/21","targetHints":{"allow":["GET"]}}],"collection":[{"href":"https:\/\/pcf08.com\/index.php\/wp-json\/wp\/v2\/pages"}],"about":[{"href":"https:\/\/pcf08.com\/index.php\/wp-json\/wp\/v2\/types\/page"}],"author":[{"embeddable":true,"href":"https:\/\/pcf08.com\/index.php\/wp-json\/wp\/v2\/users\/1"}],"replies":[{"embeddable":true,"href":"https:\/\/pcf08.com\/index.php\/wp-json\/wp\/v2\/comments?post=21"}],"version-history":[{"count":13,"href":"https:\/\/pcf08.com\/index.php\/wp-json\/wp\/v2\/pages\/21\/revisions"}],"predecessor-version":[{"id":593,"href":"https:\/\/pcf08.com\/index.php\/wp-json\/wp\/v2\/pages\/21\/revisions\/593"}],"wp:attachment":[{"href":"https:\/\/pcf08.com\/index.php\/wp-json\/wp\/v2\/media?parent=21"}],"curies":[{"name":"wp","href":"https:\/\/api.w.org\/{rel}","templated":true}]}}