{"id":18,"date":"2019-12-25T19:11:46","date_gmt":"2019-12-25T18:11:46","guid":{"rendered":"http:\/\/pcf08.com\/?page_id=18"},"modified":"2022-01-16T17:35:45","modified_gmt":"2022-01-16T16:35:45","slug":"revin","status":"publish","type":"page","link":"https:\/\/pcf08.com\/index.php\/revin\/","title":{"rendered":"Revin"},"content":{"rendered":"<div id=\"pl-18\"  class=\"panel-layout\" ><div id=\"pg-18-0\"  class=\"panel-grid panel-no-style\" ><div id=\"pgc-18-0-0\"  class=\"panel-grid-cell\" ><div id=\"panel-18-0-0-0\" class=\"so-panel widget widget_sow-editor panel-first-child\" data-index=\"0\" ><div class=\"panel-widget-style panel-widget-style-for-18-0-0-0\" ><div\n\t\t\t\n\t\t\tclass=\"so-widget-sow-editor so-widget-sow-editor-base\"\n\t\t\t\n\t\t><h3 class=\"widget-title\"><font color=\"#ff6600\">L'avenir du centre social d'Orzy est en jeu<\/font><\/h3>\n<div class=\"siteorigin-widget-tinymce textwidget\">\n\t<h5>La question \u00e0 se poser, lorsque l\u2019on parle d\u2019action sociale, de service public, n\u2019est pas \u00ab\u00a0Est ce que l\u2019action est rentable ou d\u00e9ficitaire\u00a0?\u00a0\u00bb mais \u00ab\u00a0Est ce que ce qui se joue l\u00e0, dans cette association, est important pour notre ville\u00a0?\u00a0\u00bb<\/h5>\n<h5 style=\"text-align: center;\"><a href=\"http:\/\/pcf08.com\/index.php\/2022\/01\/13\/le-communique-de-la-section-de-revin-du-pcf-du-7-janvier-lavenir-du-centre-social-dorzy-est-en-jeu\/\">La suite du communiqu\u00e9 de la section de Revin<\/a><\/h5>\n<\/div>\n<\/div><\/div><\/div><div id=\"panel-18-0-0-1\" class=\"so-panel widget widget_sow-editor panel-last-child\" data-index=\"1\" ><div class=\"panel-widget-style panel-widget-style-for-18-0-0-1\" ><div\n\t\t\t\n\t\t\tclass=\"so-widget-sow-editor so-widget-sow-editor-base\"\n\t\t\t\n\t\t><h3 class=\"widget-title\"><font color=\"#ff6600\">Revin : les anciens \u00e9lus ray\u00e9s d'un trait de plume<\/font><\/h3>\n<div class=\"siteorigin-widget-tinymce textwidget\">\n\t<p><img loading=\"lazy\" decoding=\"async\" class=\"alignleft wp-image-524\" src=\"http:\/\/pcf08.com\/wp-content\/uploads\/2020\/10\/mairierevin-300x205.jpg\" alt=\"\" width=\"150\" height=\"103\" \/>Jacky Sarazin, secr\u00e9taire de la section du PCF de Revin a \u00e9crit au maire de cette ville.<\/p>\n<p style=\"text-align: center;\"><a href=\"http:\/\/pcf08.com\/index.php\/2020\/10\/29\/les-anciens-elus-rayes-dun-trait-de-plume\/\">La lettre<\/a><\/p>\n<\/div>\n<\/div><\/div><\/div><\/div><div id=\"pgc-18-0-1\"  class=\"panel-grid-cell\" ><div id=\"panel-18-0-1-0\" class=\"so-panel widget widget_sow-editor panel-first-child\" data-index=\"2\" ><div class=\"panel-widget-style panel-widget-style-for-18-0-1-0\" ><div\n\t\t\t\n\t\t\tclass=\"so-widget-sow-editor so-widget-sow-editor-base\"\n\t\t\t\n\t\t><h3 class=\"widget-title\"><font color=\"#ff6600\">Le PCF \u00e0 l'intiative pour une industrie \u00e0 Revin<\/font><\/h3>\n<div class=\"siteorigin-widget-tinymce textwidget\">\n\t<figure id=\"attachment_1233\" aria-describedby=\"caption-attachment-1233\" style=\"width: 200px\" class=\"wp-caption alignleft\"><img loading=\"lazy\" decoding=\"async\" class=\"wp-image-1233\" src=\"http:\/\/pcf08.com\/wp-content\/uploads\/2021\/10\/Revin.jpg\" alt=\"\" width=\"200\" height=\"150\" srcset=\"https:\/\/pcf08.com\/wp-content\/uploads\/2021\/10\/Revin.jpg 1200w, https:\/\/pcf08.com\/wp-content\/uploads\/2021\/10\/Revin-300x225.jpg 300w, https:\/\/pcf08.com\/wp-content\/uploads\/2021\/10\/Revin-1024x768.jpg 1024w, https:\/\/pcf08.com\/wp-content\/uploads\/2021\/10\/Revin-768x576.jpg 768w\" sizes=\"(max-width: 200px) 100vw, 200px\" \/><figcaption id=\"caption-attachment-1233\" class=\"wp-caption-text\">binary comment<\/figcaption><\/figure>\n<p>Vendredi 1er octobre, la section PCF de Revin avait rendez-vous avec Lucile Josse, membre du cabinet de la ministre Jacqueline Gourault, pour comprendre les motifs du d\u00e9sengagement de l\u2019\u00c9tat dans l\u2019implantation des Cycles Mercier et pour proposer des pistes industrielles fiables et p\u00e9rennes dans la Vall\u00e9e de la Meuse.<\/p>\n<p style=\"text-align: center;\">L'article<\/p>\n<\/div>\n<\/div><\/div><\/div><div id=\"panel-18-0-1-1\" class=\"so-panel widget widget_sow-editor panel-last-child\" data-index=\"3\" ><div class=\"panel-widget-style panel-widget-style-for-18-0-1-1\" ><div\n\t\t\t\n\t\t\tclass=\"so-widget-sow-editor so-widget-sow-editor-base\"\n\t\t\t\n\t\t><h3 class=\"widget-title\"><font color=\"#ff6600\">O\u00f9 est la d\u00e9mocratie \u00e0 Revin<\/font><\/h3>\n<div class=\"siteorigin-widget-tinymce textwidget\">\n\t<p><img loading=\"lazy\" decoding=\"async\" class=\"alignleft wp-image-467\" src=\"http:\/\/pcf08.com\/wp-content\/uploads\/2020\/10\/revin-300x225.jpg\" alt=\"\" width=\"150\" height=\"112\" srcset=\"https:\/\/pcf08.com\/wp-content\/uploads\/2020\/10\/revin-300x225.jpg 300w, https:\/\/pcf08.com\/wp-content\/uploads\/2020\/10\/revin-768x575.jpg 768w, https:\/\/pcf08.com\/wp-content\/uploads\/2020\/10\/revin.jpg 800w\" sizes=\"(max-width: 150px) 100vw, 150px\" \/>La majorit\u00e9 municipale de Revin est maintenant install\u00e9e et les premiers conseils municipaux montrent d\u00e9j\u00e0 les limites du maire et de son \u00e9quipe.<\/p>\n<p style=\"text-align: center;\"><a href=\"http:\/\/pcf08.com\/index.php\/2020\/10\/08\/ou-est-la-democratie-a-revin\/\">La suite<\/a><\/p>\n<\/div>\n<\/div><\/div><\/div><\/div><div id=\"pgc-18-0-2\"  class=\"panel-grid-cell\" ><div id=\"panel-18-0-2-0\" class=\"so-panel widget widget_sow-editor panel-first-child panel-last-child\" data-index=\"4\" ><div class=\"panel-widget-style panel-widget-style-for-18-0-2-0\" ><div\n\t\t\t\n\t\t\tclass=\"so-widget-sow-editor so-widget-sow-editor-base\"\n\t\t\t\n\t\t><h3 class=\"widget-title\"><font color=\"#ff6600\">Mercier, \u00e7a roule pour Revin<\/font><\/h3>\n<div class=\"siteorigin-widget-tinymce textwidget\">\n\t<p><img loading=\"lazy\" decoding=\"async\" class=\"alignleft wp-image-811\" src=\"http:\/\/pcf08.com\/wp-content\/uploads\/2021\/02\/mercier.jpg\" alt=\"\" width=\"150\" height=\"90\" \/>Le fond d\u2019investissement luxembourgeois Starship Investments a choisi d\u2019installer son usine de cycle \u00e0 Revin. Voil\u00e0 la bonne nouvelle qui sonne la fin de \u00a0l\u2019h\u00e9catombe industrielle nous dit-on.<\/p>\n<p style=\"text-align: center;\"><a href=\"http:\/\/pcf08.com\/index.php\/2021\/02\/18\/mercier-ca-roule-pour-revin\/\">La suite de l'article<\/a><\/p>\n<\/div>\n<\/div><\/div><\/div><\/div><\/div><\/div>","protected":false},"excerpt":{"rendered":"<p>La question \u00e0 se poser, lorsque l\u2019on parle d\u2019action sociale, de service public, n\u2019est pas \u00ab\u00a0Est ce que l\u2019action est rentable ou d\u00e9ficitaire\u00a0?\u00a0\u00bb mais \u00ab\u00a0Est ce que ce qui se joue l\u00e0, dans cette association, est important pour notre ville\u00a0?\u00a0\u00bb La suite du communiqu\u00e9 de la section de Revin Jacky Sarazin, secr\u00e9taire de la section [&hellip;]<\/p>\n","protected":false},"author":1,"featured_media":0,"parent":0,"menu_order":0,"comment_status":"closed","ping_status":"closed","template":"","meta":{"saved_in_kubio":false,"footnotes":""},"class_list":["post-18","page","type-page","status-publish","hentry"],"kubio_ai_page_context":{"short_desc":"","purpose":"general"},"_links":{"self":[{"href":"https:\/\/pcf08.com\/index.php\/wp-json\/wp\/v2\/pages\/18","targetHints":{"allow":["GET"]}}],"collection":[{"href":"https:\/\/pcf08.com\/index.php\/wp-json\/wp\/v2\/pages"}],"about":[{"href":"https:\/\/pcf08.com\/index.php\/wp-json\/wp\/v2\/types\/page"}],"author":[{"embeddable":true,"href":"https:\/\/pcf08.com\/index.php\/wp-json\/wp\/v2\/users\/1"}],"replies":[{"embeddable":true,"href":"https:\/\/pcf08.com\/index.php\/wp-json\/wp\/v2\/comments?post=18"}],"version-history":[{"count":6,"href":"https:\/\/pcf08.com\/index.php\/wp-json\/wp\/v2\/pages\/18\/revisions"}],"predecessor-version":[{"id":1476,"href":"https:\/\/pcf08.com\/index.php\/wp-json\/wp\/v2\/pages\/18\/revisions\/1476"}],"wp:attachment":[{"href":"https:\/\/pcf08.com\/index.php\/wp-json\/wp\/v2\/media?parent=18"}],"curies":[{"name":"wp","href":"https:\/\/api.w.org\/{rel}","templated":true}]}}