{"id":15,"date":"2019-12-25T19:11:17","date_gmt":"2019-12-25T18:11:17","guid":{"rendered":"http:\/\/pcf08.com\/?page_id=15"},"modified":"2025-10-09T17:02:21","modified_gmt":"2025-10-09T15:02:21","slug":"charleville-mezieres","status":"publish","type":"page","link":"https:\/\/pcf08.com\/index.php\/charleville-mezieres\/","title":{"rendered":"Charleville-M\u00e9zi\u00e8res"},"content":{"rendered":"<div id=\"pl-15\"  class=\"panel-layout\" ><div id=\"pg-15-0\"  class=\"panel-grid panel-no-style\" ><div id=\"pgc-15-0-0\"  class=\"panel-grid-cell\" ><div id=\"panel-15-0-0-0\" class=\"so-panel widget widget_sow-editor panel-first-child\" data-index=\"0\" ><div class=\"panel-widget-style panel-widget-style-for-15-0-0-0\" ><div\n\t\t\t\n\t\t\tclass=\"so-widget-sow-editor so-widget-sow-editor-base\"\n\t\t\t\n\t\t><h3 class=\"widget-title\"><font color=\"#ff6600\">Communiqu\u00e9 de presse <\/font><\/h3>\n<div class=\"siteorigin-widget-tinymce textwidget\">\n\t<p style=\"text-align: center;\">\u00c9LECTIONS MUNICIPALES 2026 DE CHARLEVILLE-M\u00c9ZI\u00c8RES UNIT\u00c9 ET SOLIDARIT\u00c9 POUR UNE ACTION EFFICACE<br \/>\n<a href=\"https:\/\/pcf08.com\/index.php\/2025\/09\/04\/communique-de-presse-elections-municipales-2026-de-charleville-mezieres-unite-et-solidarite-pour-une-action-efficace\/\">Le communiqu\u00e9<\/a><\/p>\n<\/div>\n<\/div><\/div><\/div><div id=\"panel-15-0-0-1\" class=\"so-panel widget widget_sow-editor\" data-index=\"1\" ><div class=\"panel-widget-style panel-widget-style-for-15-0-0-1\" ><div\n\t\t\t\n\t\t\tclass=\"so-widget-sow-editor so-widget-sow-editor-base\"\n\t\t\t\n\t\t><h3 class=\"widget-title\"><font color=\"#ff6600\">S\u00e9curit\u00e9 : il faut une antenne du commissariat \u00e0 la Ronde Couture<\/font><\/h3>\n<div class=\"siteorigin-widget-tinymce textwidget\">\n\t<h5 style=\"text-align: left;\">Plusieurs personnalit\u00e9s locales se relaient pour d\u00e9noncer l\u2019ins\u00e9curit\u00e9 dans le quartier de la Ronde-Couture. Le d\u00e9c\u00e8s par arme \u00e0 feu d\u2019un jeune suscite l\u00e9gitimement l\u2019indignation et le soutien \u00e0 la famille.<\/h5>\n<h5 style=\"text-align: center;\"><a href=\"http:\/\/pcf08.com\/index.php\/2022\/12\/15\/securite-il-faut-une-antenne-du-commissariat-a-la-ronde-couture\/\">La suite de l'article<\/a><\/h5>\n<\/div>\n<\/div><\/div><\/div><div id=\"panel-15-0-0-2\" class=\"so-panel widget widget_sow-editor\" data-index=\"2\" ><div class=\"panel-widget-style panel-widget-style-for-15-0-0-2\" ><div\n\t\t\t\n\t\t\tclass=\"so-widget-sow-editor so-widget-sow-editor-base\"\n\t\t\t\n\t\t><h3 class=\"widget-title\"><font color=\"#ff6600\">L'ADEME : un poste \u00e0 plein temps<\/font><\/h3>\n<div class=\"siteorigin-widget-tinymce textwidget\">\n\t<h5 align=\"justify\"><img loading=\"lazy\" decoding=\"async\" class=\"alignleft wp-image-2069 size-thumbnail\" src=\"http:\/\/pcf08.com\/wp-content\/uploads\/2022\/12\/logo_Ademe_400x200-150x150.png\" alt=\"\" width=\"150\" height=\"150\" \/>La nomination de Boris Ravignon \u00e0 la t\u00eate de l\u2019Agence de l\u2019Environnement et de la Ma\u00eetrise de l\u2019Energie (L\u2019ADEME) est un d\u00e9sengagement pour g\u00e9rer la ville de Charleville-M\u00e9zi\u00e8res. Son annonce de d\u00e9missionner de ses responsabilit\u00e9s \u00e0 la R\u00e9gion Grand Est ne suffira pas \u00e0 emp\u00eacher le cumul des mandats \u00e9lectoraux. La ville, dont il est maire, comme l\u2018agglom\u00e9ration, dont il est Pr\u00e9sident, ont besoin plus que jamais d\u2019un dirigeant \u00e0 plein temps.<\/h5>\n<h5 style=\"text-align: center;\"><a href=\"http:\/\/pcf08.com\/index.php\/2022\/12\/08\/lademe-un-poste-a-plein-temps\/\">La suite de l'article<\/a><\/h5>\n<\/div>\n<\/div><\/div><\/div><div id=\"panel-15-0-0-3\" class=\"so-panel widget widget_sow-editor\" data-index=\"3\" ><div class=\"panel-widget-style panel-widget-style-for-15-0-0-3\" ><div\n\t\t\t\n\t\t\tclass=\"so-widget-sow-editor so-widget-sow-editor-base\"\n\t\t\t\n\t\t><h3 class=\"widget-title\"><font color=\"#ff6600\">Recul des transports en commun \u00e0 Charleville-M\u00e9zi\u00e8res<\/font><\/h3>\n<div class=\"siteorigin-widget-tinymce textwidget\">\n\t<h5 align=\"justify\"><span style=\"font-family: Calibri, sans-serif;\">Une p\u00e9tition est lanc\u00e9e par rapport aux changements d\u2019horaire des transports en commun \u00e0 Charleville-M\u00e9zi\u00e8res. Vous pouvez la signer et la renvoyer \u00e0 la F\u00e9d\u00e9ration du PCF, 18 rue de l\u2019Arquebuse \u00e0 Charleville-M\u00e9zi\u00e8res. Elle sera transmise.<\/span><\/h5>\n<h5 style=\"text-align: center;\">La suite de l'article<\/h5>\n<\/div>\n<\/div><\/div><\/div><div id=\"panel-15-0-0-4\" class=\"so-panel widget widget_sow-editor\" data-index=\"4\" ><div class=\"panel-widget-style panel-widget-style-for-15-0-0-4\" ><div\n\t\t\t\n\t\t\tclass=\"so-widget-sow-editor so-widget-sow-editor-base\"\n\t\t\t\n\t\t><h3 class=\"widget-title\"><font color=\"#ff6600\">Ligne 4 : des changements indispensables<\/font><\/h3>\n<div class=\"siteorigin-widget-tinymce textwidget\">\n\t<h5>Les nouveaux horaires des bus urbains viennent d\u2019entrer en vigueur. Des changements sont intervenus sur la ligne 4 qui dessert notamment le quartier de la Ronde-Couture \u00e0 Charleville-M\u00e9zi\u00e8res.<\/h5>\n<h5 style=\"text-align: center;\"><a href=\"http:\/\/pcf08.com\/index.php\/2022\/09\/08\/ligne-4-des-changements-indispensables\/\">La suite de l'article<\/a><\/h5>\n<\/div>\n<\/div><\/div><\/div><div id=\"panel-15-0-0-5\" class=\"so-panel widget widget_sow-editor\" data-index=\"5\" ><div class=\"panel-widget-style panel-widget-style-for-15-0-0-5\" ><div\n\t\t\t\n\t\t\tclass=\"so-widget-sow-editor so-widget-sow-editor-base\"\n\t\t\t\n\t\t><h3 class=\"widget-title\"><font color=\"#ff6600\">Communiqu\u00e9 de presse ; un r\u00e9f\u00e9rendum rat\u00e9<\/font><\/h3>\n<div class=\"siteorigin-widget-tinymce textwidget\">\n\t<h5>La section de Charleville-M\u00e9zi\u00e8res du Parti Communiste a pris connaissance du r\u00e9sultat du r\u00e9f\u00e9rendum consacr\u00e9 au sch\u00e9ma des mobilit\u00e9s dans la ville chef lieu.<br \/>\nSi le Parti Communiste est favorable \u00e0 ce type de consultation-d\u00e9cision, il rappelle qu\u2019il intervient alors que des am\u00e9nagements structurants sont d\u00e9j\u00e0 r\u00e9alis\u00e9s (Place de l\u2019H\u00f4tel de Ville, avenue d\u2019Arches\u2026). Il rappelle \u00e9galement que la pi\u00e9tonisation de la Place Ducale a pris un retard consid\u00e9rable du fait de la majorit\u00e9 actuelle et de ses soutiens.<\/h5>\n<h5 style=\"text-align: center;\"><a href=\"http:\/\/pcf08.com\/index.php\/2021\/12\/02\/communique-de-presse-un-referendum-rate\/\">La suite du communiqu\u00e9<\/a><\/h5>\n<\/div>\n<\/div><\/div><\/div><div id=\"panel-15-0-0-6\" class=\"so-panel widget widget_sow-editor\" data-index=\"6\" ><div class=\"panel-widget-style panel-widget-style-for-15-0-0-6\" ><div\n\t\t\t\n\t\t\tclass=\"so-widget-sow-editor so-widget-sow-editor-base\"\n\t\t\t\n\t\t><h3 class=\"widget-title\"><font color=\"#ff6600\">La Mac\u00e9rienne, disparition de la SMAC<\/font><\/h3>\n<div class=\"siteorigin-widget-tinymce textwidget\">\n\t<h5><img loading=\"lazy\" decoding=\"async\" class=\"alignleft wp-image-1266\" src=\"http:\/\/pcf08.com\/wp-content\/uploads\/2021\/10\/mac\u00e9rienne.jpg\" alt=\"\" width=\"200\" height=\"143\" \/>Les deux \u00e9v\u00e9nements carolomac\u00e9riens qui marquent la vie culturelle locale, le festival mondial des th\u00e9\u00e2tres de Marionnettes et le Cabaret Vert, ont cette ann\u00e9e occup\u00e9 les locaux de l\u2019ancienne usine la Mac\u00e9rienne \u00e0 M\u00e9zi\u00e8res<\/h5>\n<h5 style=\"text-align: center;\"><a href=\"http:\/\/pcf08.com\/index.php\/2021\/10\/21\/la-macerienne-disparition-de-la-smac\/\">La suite de l'article<\/a><\/h5>\n<\/div>\n<\/div><\/div><\/div><div id=\"panel-15-0-0-7\" class=\"so-panel widget widget_sow-editor\" data-index=\"7\" ><div class=\"panel-widget-style panel-widget-style-for-15-0-0-7\" ><div\n\t\t\t\n\t\t\tclass=\"so-widget-sow-editor so-widget-sow-editor-base\"\n\t\t\t\n\t\t><h3 class=\"widget-title\"><font color=\"#ff6600\">Deville : un site \u00e0 l'abandon ?<\/font><\/h3>\n<div class=\"siteorigin-widget-tinymce textwidget\">\n\t<p><img loading=\"lazy\" decoding=\"async\" class=\"alignleft wp-image-281\" src=\"http:\/\/pcf08.com\/wp-content\/uploads\/2020\/05\/deville-300x169.jpg\" alt=\"\" width=\"200\" height=\"113\" \/>L\u2019am\u00e9nagement de la friche Deville, avenue Forest \u00e0 Charleville-M\u00e9zi\u00e8res, semble au point mort. Apr\u00e8s une fermeture d\u00e9finitive en juin 2016 c\u2019est la soci\u00e9t\u00e9 Invicta qui a fait la meilleure offre de reprise supprimant au passage 42 salari\u00e9s. Apr\u00e8s avoir r\u00e9cup\u00e9r\u00e9 le mat\u00e9riel industriel Invicta a aussit\u00f4t d\u00e9localis\u00e9 la production \u00e0 Donchery et Vivier au Court.<\/p>\n<p style=\"text-align: center;\"><a href=\"http:\/\/pcf08.com\/?p=280&amp;preview=true\">La suite de l'article<\/a><\/p>\n<\/div>\n<\/div><\/div><\/div><div id=\"panel-15-0-0-8\" class=\"so-panel widget widget_sow-editor\" data-index=\"8\" ><div class=\"panel-widget-style panel-widget-style-for-15-0-0-8\" ><div\n\t\t\t\n\t\t\tclass=\"so-widget-sow-editor so-widget-sow-editor-base\"\n\t\t\t\n\t\t><h3 class=\"widget-title\"><font color=\"#ff6600\">Un contr\u00f4le et une modernisation du r\u00e9seau d\u2019eau s\u2019impose<\/font><\/h3>\n<div class=\"siteorigin-widget-tinymce textwidget\">\n\t<p><img loading=\"lazy\" decoding=\"async\" class=\"alignleft wp-image-464 size-medium\" src=\"http:\/\/pcf08.com\/wp-content\/uploads\/2020\/10\/dysfonctionnements-3-300x182.jpg\" alt=\"\" width=\"300\" height=\"182\" srcset=\"https:\/\/pcf08.com\/wp-content\/uploads\/2020\/10\/dysfonctionnements-3-300x182.jpg 300w, https:\/\/pcf08.com\/wp-content\/uploads\/2020\/10\/dysfonctionnements-3-768x467.jpg 768w, https:\/\/pcf08.com\/wp-content\/uploads\/2020\/10\/dysfonctionnements-3.jpg 800w\" sizes=\"(max-width: 300px) 100vw, 300px\" \/>Dans une p\u00e9riode anxiog\u00e8ne, en raison de la crise sanitaire, l\u2019annonce qu\u2019une bact\u00e9rie pourrait avoir contamin\u00e9 l\u2019eau potable qui dessert Charleville-M\u00e9zi\u00e8res et quelques communes p\u00e9riph\u00e9riques pr\u00e9occupe l\u00e9gitimement les habitants. La panne d\u2019une pompe qui vient de frapper le r\u00e9seau d\u2019eau de la communaut\u00e9 d\u2019agglom\u00e9ration Ardenne M\u00e9tropole doit \u00eatre analys\u00e9e sans complaisance. Il s\u2019agit d\u2019un probl\u00e8me technique qui pourrait avoir des graves cons\u00e9quences. Pourquoi cette panne a t-elle \u00e9t\u00e9 d\u00e9tect\u00e9e seulement une semaine apr\u00e8s?<\/p>\n<p style=\"text-align: center;\"><a href=\"http:\/\/pcf08.com\/index.php\/2020\/10\/08\/un-controle-et-une-modernisation-du-reseau-deau-simpose\/\">La suite de l'article<\/a><\/p>\n<\/div>\n<\/div><\/div><\/div><div id=\"panel-15-0-0-9\" class=\"so-panel widget widget_sow-editor panel-last-child\" data-index=\"9\" ><div class=\"panel-widget-style panel-widget-style-for-15-0-0-9\" ><div\n\t\t\t\n\t\t\tclass=\"so-widget-sow-editor so-widget-sow-editor-base\"\n\t\t\t\n\t\t><h3 class=\"widget-title\"><font color=\"#ff6600\">Un budget municipal qui manque d'ambition<\/font><\/h3>\n<div class=\"siteorigin-widget-tinymce textwidget\">\n\t<p align=\"justify\">\"<strong><em>Pour toutes ces raisons je n\u2019ai pas vot\u00e9 le budget<\/em><\/strong>\"<br \/>\n<strong>.Sylvain DALLA ROSA<\/strong><\/p>\n<p class=\"western\" align=\"justify\">Comme l\u2019impose la loi le conseil municipal de Charleville-M\u00e9zi\u00e8res a men\u00e9 un d\u00e9bat sur les orientations budg\u00e9taires (DOB). L\u2019\u00e9tape suivante c\u2019est le vote du budget. Celui-ci a eu lieu le 19 d\u00e9cembre. Entre le DOB et le vote du budget peu de choses ont chang\u00e9. Il est essentiellement question d\u2019ajustements.<\/p>\n<p style=\"text-align: center;\" align=\"justify\"><a href=\"http:\/\/pcf08.com\/index.php\/2020\/01\/10\/charleville-mezieres-un-budget-qui-manque-dambition\/\">La suite de l'article<\/a><\/p>\n<\/div>\n<\/div><\/div><\/div><\/div><div id=\"pgc-15-0-1\"  class=\"panel-grid-cell\" ><div id=\"panel-15-0-1-0\" class=\"so-panel widget widget_sow-editor panel-first-child\" data-index=\"10\" ><div class=\"panel-widget-style panel-widget-style-for-15-0-1-0\" ><div\n\t\t\t\n\t\t\tclass=\"so-widget-sow-editor so-widget-sow-editor-base\"\n\t\t\t\n\t\t><h3 class=\"widget-title\"><font color=\"#ff6600\">Non \u00e0 la fermeture des \u00e9coles Calmette, Pierre Mend\u00e8s France et Jules Verne<\/font><\/h3>\n<div class=\"siteorigin-widget-tinymce textwidget\">\n\t<h5 style=\"text-align: center;\"><img loading=\"lazy\" decoding=\"async\" class=\"alignleft wp-image-2063 size-thumbnail\" src=\"http:\/\/pcf08.com\/wp-content\/uploads\/2022\/12\/Ecole-calmette-150x150.jpg\" alt=\"\" width=\"150\" height=\"150\" \/>Communiqu\u00e9 du MJCF08<\/h5>\n<h5 style=\"text-align: center;\"><a href=\"http:\/\/pcf08.com\/index.php\/2022\/12\/08\/non-a-la-fermeture-des-ecoles-calmette-pierre-mendes-france-et-jules-verne\/\">Le texte<\/a><\/h5>\n<\/div>\n<\/div><\/div><\/div><div id=\"panel-15-0-1-1\" class=\"so-panel widget widget_sow-editor\" data-index=\"11\" ><div class=\"panel-widget-style panel-widget-style-for-15-0-1-1\" ><div\n\t\t\t\n\t\t\tclass=\"so-widget-sow-editor so-widget-sow-editor-base\"\n\t\t\t\n\t\t><h3 class=\"widget-title\"><font color=\"#ff6600\">Des investissements contre le service public<\/font><\/h3>\n<div class=\"siteorigin-widget-tinymce textwidget\">\n\t<h5>Le manque de m\u00e9decins, g\u00e9n\u00e9ralistes ou sp\u00e9cialistes, touche une bonne partie de notre pays, les Ardennes n\u2019\u00e9tant \u00e9videmment pas \u00e9pargn\u00e9es\u00a0!<\/h5>\n<h5 style=\"text-align: center;\"><a href=\"http:\/\/pcf08.com\/index.php\/2022\/09\/08\/des-investissements-contre-le-service-public\/\">La suite de l'article<\/a><\/h5>\n<\/div>\n<\/div><\/div><\/div><div id=\"panel-15-0-1-2\" class=\"so-panel widget widget_sow-editor\" data-index=\"12\" ><div class=\"panel-widget-style panel-widget-style-for-15-0-1-2\" ><div\n\t\t\t\n\t\t\tclass=\"so-widget-sow-editor so-widget-sow-editor-base\"\n\t\t\t\n\t\t><h3 class=\"widget-title\"><font color=\"#ff6600\">Mobilit\u00e9 : un r\u00e9f\u00e9rendum pour donner la parole aux habitants<\/font><\/h3>\n<div class=\"siteorigin-widget-tinymce textwidget\">\n\t<h5><img loading=\"lazy\" decoding=\"async\" class=\"alignleft wp-image-1214\" src=\"http:\/\/pcf08.com\/wp-content\/uploads\/2021\/09\/referendum.jpg\" alt=\"\" width=\"150\" height=\"75\" \/>A Charleville-M\u00e9zi\u00e8res la tenue d\u2019un r\u00e9f\u00e9rendum est une d\u00e9marche int\u00e9ressante. Consulter nos concitoyens est important surtout sur le sch\u00e9ma des mobilit\u00e9s.<\/h5>\n<p style=\"text-align: center;\"><a href=\"http:\/\/pcf08.com\/index.php\/2021\/09\/30\/mobilite-un-referendum-pour-donner-la-parole-aux-habitants\/\">La suite de l'article<\/a><\/p>\n<\/div>\n<\/div><\/div><\/div><div id=\"panel-15-0-1-3\" class=\"so-panel widget widget_sow-editor\" data-index=\"13\" ><div class=\"panel-widget-style panel-widget-style-for-15-0-1-3\" ><div\n\t\t\t\n\t\t\tclass=\"so-widget-sow-editor so-widget-sow-editor-base\"\n\t\t\t\n\t\t>\n<div class=\"siteorigin-widget-tinymce textwidget\">\n\t<p style=\"text-align: center;\"><strong>Pour que notre ville se d\u00e9veloppe<\/strong><\/p>\n<p>A l\u2019approche du renouvellement municipal, l\u2019heure est au bilan des six derni\u00e8res ann\u00e9es sous la conduite de la droite \u00e0 Charleville-M\u00e9zi\u00e8res. Il faut, tout d\u2019abord, \u00e9voquer le pouvoir solitaire que le maire a d\u00e9velopp\u00e9 au fil des ann\u00e9es.<\/p>\n<p style=\"text-align: center;\"><a href=\"http:\/\/pcf08.com\/index.php\/2020\/01\/27\/pour-que-notre-ville-se-developpe\/\">La suite de l'article<\/a><\/p>\n<\/div>\n<\/div><\/div><\/div><div id=\"panel-15-0-1-4\" class=\"so-panel widget widget_sow-editor panel-last-child\" data-index=\"14\" ><div\n\t\t\t\n\t\t\tclass=\"so-widget-sow-editor so-widget-sow-editor-base\"\n\t\t\t\n\t\t><h3 class=\"widget-title\"><font color=\"#ff6600\">Elu sans triomphalisme<\/font><\/h3>\n<div class=\"siteorigin-widget-tinymce textwidget\">\n\t<p><b>Mardi dernier s\u2019est tenu le conseil municipal de Charleville-M\u00e9zi\u00e8res pour l\u2019\u00e9lection du maire. A cette occasion Sylvain DALLA ROSA est intervenu dans le d\u00e9bat. Extraits:<\/b><\/p>\n<p style=\"text-align: center;\"><a href=\"http:\/\/pcf08.com\/index.php\/2020\/05\/30\/elu-sans-triomphalisme\/\">La suite de l'article<\/a><\/p>\n<\/div>\n<\/div><\/div><\/div><\/div><\/div>","protected":false},"excerpt":{"rendered":"<p>\u00c9LECTIONS MUNICIPALES 2026 DE CHARLEVILLE-M\u00c9ZI\u00c8RES UNIT\u00c9 ET SOLIDARIT\u00c9 POUR UNE ACTION EFFICACE Le communiqu\u00e9 Plusieurs personnalit\u00e9s locales se relaient pour d\u00e9noncer l\u2019ins\u00e9curit\u00e9 dans le quartier de la Ronde-Couture. Le d\u00e9c\u00e8s par arme \u00e0 feu d\u2019un jeune suscite l\u00e9gitimement l\u2019indignation et le soutien \u00e0 la famille. La suite de l&rsquo;article La nomination de Boris Ravignon \u00e0 [&hellip;]<\/p>\n","protected":false},"author":1,"featured_media":0,"parent":0,"menu_order":0,"comment_status":"closed","ping_status":"closed","template":"","meta":{"saved_in_kubio":false,"footnotes":""},"class_list":["post-15","page","type-page","status-publish","hentry"],"kubio_ai_page_context":{"short_desc":"","purpose":"general"},"_links":{"self":[{"href":"https:\/\/pcf08.com\/index.php\/wp-json\/wp\/v2\/pages\/15","targetHints":{"allow":["GET"]}}],"collection":[{"href":"https:\/\/pcf08.com\/index.php\/wp-json\/wp\/v2\/pages"}],"about":[{"href":"https:\/\/pcf08.com\/index.php\/wp-json\/wp\/v2\/types\/page"}],"author":[{"embeddable":true,"href":"https:\/\/pcf08.com\/index.php\/wp-json\/wp\/v2\/users\/1"}],"replies":[{"embeddable":true,"href":"https:\/\/pcf08.com\/index.php\/wp-json\/wp\/v2\/comments?post=15"}],"version-history":[{"count":24,"href":"https:\/\/pcf08.com\/index.php\/wp-json\/wp\/v2\/pages\/15\/revisions"}],"predecessor-version":[{"id":3580,"href":"https:\/\/pcf08.com\/index.php\/wp-json\/wp\/v2\/pages\/15\/revisions\/3580"}],"wp:attachment":[{"href":"https:\/\/pcf08.com\/index.php\/wp-json\/wp\/v2\/media?parent=15"}],"curies":[{"name":"wp","href":"https:\/\/api.w.org\/{rel}","templated":true}]}}