{"id":1280,"date":"2021-10-27T17:38:04","date_gmt":"2021-10-27T15:38:04","guid":{"rendered":"http:\/\/pcf08.com\/?page_id=1280"},"modified":"2021-10-27T18:10:50","modified_gmt":"2021-10-27T16:10:50","slug":"page-reservee-aux-adherents","status":"publish","type":"page","link":"https:\/\/pcf08.com\/index.php\/page-reservee-aux-adherents\/","title":{"rendered":"Page r\u00e9serv\u00e9e aux adh\u00e9rents"},"content":{"rendered":"<div id=\"pl-1280\"  class=\"panel-layout\" ><div id=\"pg-1280-0\"  class=\"panel-grid panel-no-style\" ><div id=\"pgc-1280-0-0\"  class=\"panel-grid-cell\" ><div id=\"panel-1280-0-0-0\" class=\"so-panel widget widget_members-widget-login login panel-first-child panel-last-child\" data-index=\"0\" ><h3 class=\"widget-title\"><font color=\"#ff6600\">Se connecter<\/font><\/h3><img alt='' src='https:\/\/secure.gravatar.com\/avatar\/?s=96&#038;d=mm&#038;r=g' srcset='https:\/\/secure.gravatar.com\/avatar\/?s=192&#038;d=mm&#038;r=g 2x' class='avatar avatar-96 photo avatar-default' height='96' width='96' \/><p>Merci de vous connecter.<\/p>\n<div class=\"members-login-form\"><form name=\"loginform\" id=\"loginform\" action=\"https:\/\/pcf08.com\/wp-login.php\" method=\"post\"><p class=\"login-username\">\n\t\t\t\t<label for=\"user_login\">Identifiant<\/label>\n\t\t\t\t<input type=\"text\" name=\"log\" id=\"user_login\" autocomplete=\"username\" class=\"input\" value=\"\" size=\"20\" \/>\n\t\t\t<\/p><p class=\"login-password\">\n\t\t\t\t<label for=\"user_pass\">Mot de passe<\/label>\n\t\t\t\t<input type=\"password\" name=\"pwd\" id=\"user_pass\" autocomplete=\"current-password\" spellcheck=\"false\" class=\"input\" value=\"\" size=\"20\" \/>\n\t\t\t<\/p><p class=\"login-remember\"><label><input name=\"rememberme\" type=\"checkbox\" id=\"rememberme\" value=\"forever\" \/> Se souvenir de moi<\/label><\/p><p class=\"login-submit\">\n\t\t\t\t<input type=\"submit\" name=\"wp-submit\" id=\"wp-submit\" class=\"button button-primary\" value=\"Se connecter\" \/>\n\t\t\t\t<input type=\"hidden\" name=\"redirect_to\" value=\"https:\/\/pcf08.com\/index.php\/wp-json\/wp\/v2\/pages\/1280\" \/>\n\t\t\t<\/p><\/form><\/div><\/div><\/div><div id=\"pgc-1280-0-1\"  class=\"panel-grid-cell\" ><div id=\"panel-1280-0-1-0\" class=\"so-panel widget widget_sow-editor panel-first-child panel-last-child\" data-index=\"1\" ><div class=\"panel-widget-style panel-widget-style-for-1280-0-1-0\" ><div\n\t\t\t\n\t\t\tclass=\"so-widget-sow-editor so-widget-sow-editor-base\"\n\t\t\t\n\t\t>\n<div class=\"siteorigin-widget-tinymce textwidget\">\n\t<h5>Identifiez vous dans la colonne de gauche et <a href=\"http:\/\/pcf08.com\/index.php\/revue-de-presse\/\">cliquez ici<\/a> pour continuer<\/h5>\n<\/div>\n<\/div><\/div><\/div><\/div><\/div><\/div>","protected":false},"excerpt":{"rendered":"<p>Identifiez vous dans la colonne de gauche et cliquez ici pour continuer<\/p>\n","protected":false},"author":2,"featured_media":0,"parent":0,"menu_order":0,"comment_status":"closed","ping_status":"closed","template":"","meta":{"saved_in_kubio":false,"footnotes":""},"class_list":["post-1280","page","type-page","status-publish","hentry"],"kubio_ai_page_context":{"short_desc":"","purpose":"general"},"_links":{"self":[{"href":"https:\/\/pcf08.com\/index.php\/wp-json\/wp\/v2\/pages\/1280","targetHints":{"allow":["GET"]}}],"collection":[{"href":"https:\/\/pcf08.com\/index.php\/wp-json\/wp\/v2\/pages"}],"about":[{"href":"https:\/\/pcf08.com\/index.php\/wp-json\/wp\/v2\/types\/page"}],"author":[{"embeddable":true,"href":"https:\/\/pcf08.com\/index.php\/wp-json\/wp\/v2\/users\/2"}],"replies":[{"embeddable":true,"href":"https:\/\/pcf08.com\/index.php\/wp-json\/wp\/v2\/comments?post=1280"}],"version-history":[{"count":4,"href":"https:\/\/pcf08.com\/index.php\/wp-json\/wp\/v2\/pages\/1280\/revisions"}],"predecessor-version":[{"id":1314,"href":"https:\/\/pcf08.com\/index.php\/wp-json\/wp\/v2\/pages\/1280\/revisions\/1314"}],"wp:attachment":[{"href":"https:\/\/pcf08.com\/index.php\/wp-json\/wp\/v2\/media?parent=1280"}],"curies":[{"name":"wp","href":"https:\/\/api.w.org\/{rel}","templated":true}]}}