{"id":12,"date":"2019-12-25T19:10:24","date_gmt":"2019-12-25T18:10:24","guid":{"rendered":"http:\/\/pcf08.com\/?page_id=12"},"modified":"2026-01-30T11:01:17","modified_gmt":"2026-01-30T10:01:17","slug":"accueil","status":"publish","type":"page","link":"https:\/\/pcf08.com\/","title":{"rendered":"Accueil"},"content":{"rendered":"<div id=\"pl-12\"  class=\"panel-layout\" ><div id=\"pg-12-0\"  class=\"panel-grid panel-has-style\" ><div class=\"panel-row-style panel-row-style-for-12-0\" ><div id=\"pgc-12-0-0\"  class=\"panel-grid-cell\" ><div id=\"panel-12-0-0-0\" class=\"so-panel widget widget_sow-editor panel-first-child panel-last-child\" data-index=\"0\" ><div class=\"so-rounded panel-widget-style panel-widget-style-for-12-0-0-0\" ><div\n\t\t\t\n\t\t\tclass=\"so-widget-sow-editor so-widget-sow-editor-base\"\n\t\t\t\n\t\t><h3 class=\"widget-title\"><font color=\"#ff6600\">Faites entendre votre voix, inscrivez-vous jusqu\u2019au 4 f\u00e9vrier<\/font><\/h3>\n<div class=\"siteorigin-widget-tinymce textwidget\">\n\t<h5 style=\"text-align: left;\"><img loading=\"lazy\" decoding=\"async\" class=\"alignleft size-thumbnail wp-image-3857\" src=\"http:\/\/pcf08.com\/wp-content\/uploads\/2026\/01\/edito-35-150x150.jpg\" alt=\"\" width=\"150\" height=\"150\" \/>\u00c0 moins de 2 mois du 1<sup>er<\/sup> tour des \u00e9lections municipales, notre liste \u00ab\u00a0Ensemble\u00a0: une autre ville\u00a0\u00bb a l\u2019ambition de reconqu\u00e9rir la mairie de Charleville-M\u00e9zi\u00e8res au service de toutes les populations.<\/h5>\n<h5 style=\"text-align: center;\"><a href=\"https:\/\/pcf08.com\/index.php\/2026\/01\/29\/faites-entendre-votre-voix-inscrivez-vous-jusquau-4-fevrier\/\">La suite de l'\u00e9dito<\/a><\/h5>\n<\/div>\n<\/div><\/div><\/div><\/div><div id=\"pgc-12-0-1\"  class=\"panel-grid-cell\" ><div id=\"panel-12-0-1-0\" class=\"so-panel widget widget_sow-editor panel-first-child\" data-index=\"1\" ><div class=\"so-rounded panel-widget-style panel-widget-style-for-12-0-1-0\" ><div\n\t\t\t\n\t\t\tclass=\"so-widget-sow-editor so-widget-sow-editor-base\"\n\t\t\t\n\t\t><h3 class=\"widget-title\"><font color=\"#ff6600\">Honte \u00e0 la suppression d\u2019emplois au Conseil D\u00e9partemental<\/font><\/h3>\n<div class=\"siteorigin-widget-tinymce textwidget\">\n\t<h5 style=\"text-align: left;\"><img loading=\"lazy\" decoding=\"async\" class=\"alignleft size-thumbnail wp-image-3863\" src=\"http:\/\/pcf08.com\/wp-content\/uploads\/2026\/01\/conseildepartemental-1-150x150.jpg\" alt=\"\" width=\"150\" height=\"150\" \/>Le Conseil D\u00e9partemental (CD) des Ardennes, comme beaucoup d\u2019autres conseils d\u00e9partementaux, dont une grande partie sont g\u00e9r\u00e9es par une majorit\u00e9 de droite, sont asphyxi\u00e9s par la diminution des budgets qui leurs sont allou\u00e9s.<\/h5>\n<h5 style=\"text-align: center;\"><a href=\"https:\/\/pcf08.com\/index.php\/2026\/01\/29\/honte-a-la-suppression-demplois-au-conseil-departemental\/\">La suite<\/a><\/h5>\n<\/div>\n<\/div><\/div><\/div><div id=\"panel-12-0-1-1\" class=\"so-panel widget widget_sow-editor panel-last-child\" data-index=\"2\" ><div class=\"so-rounded panel-widget-style panel-widget-style-for-12-0-1-1\" ><div\n\t\t\t\n\t\t\tclass=\"so-widget-sow-editor so-widget-sow-editor-base\"\n\t\t\t\n\t\t><h3 class=\"widget-title\"><font color=\"#ff6600\">La s\u00e9curit\u00e9 : c\u2019est une politique dans la dur\u00e9e qui est n\u00e9cessaire !<\/font><\/h3>\n<div class=\"siteorigin-widget-tinymce textwidget\">\n\t<h5><img loading=\"lazy\" decoding=\"async\" class=\"alignleft size-thumbnail wp-image-3860\" src=\"http:\/\/pcf08.com\/wp-content\/uploads\/2026\/01\/appeldemarseille-150x150.jpg\" alt=\"\" width=\"150\" height=\"150\" \/>L\u2019actuel maire de Charleville-M\u00e9zi\u00e8res communique beaucoup ! Encore cette semaine apr\u00e8s les coups de feu \u00e0 Mohon.<\/h5>\n<p style=\"text-align: center;\"><a href=\"https:\/\/pcf08.com\/index.php\/2026\/01\/29\/la-securite-cest-une-politique-dans-la-duree-qui-est-necessaire\/\">La suite de l'article<\/a><\/p>\n<\/div>\n<\/div><\/div><\/div><\/div><div id=\"pgc-12-0-2\"  class=\"panel-grid-cell\" ><div id=\"panel-12-0-2-0\" class=\"so-panel widget widget_sow-editor panel-first-child panel-last-child\" data-index=\"3\" ><div class=\"so-rounded panel-widget-style panel-widget-style-for-12-0-2-0\" ><div\n\t\t\t\n\t\t\tclass=\"so-widget-sow-editor so-widget-sow-editor-base\"\n\t\t\t\n\t\t>\n<div class=\"siteorigin-widget-tinymce textwidget\">\n\t<p><a href=\"https:\/\/www.pcf.fr\/petition_conditionnement_aide_aux_grandes_entreprises?splash=1\"><img loading=\"lazy\" decoding=\"async\" class=\"alignleft wp-image-3873 size-medium\" src=\"http:\/\/pcf08.com\/wp-content\/uploads\/2026\/01\/211_banniere-300x169.jpg\" alt=\"\" width=\"300\" height=\"169\" srcset=\"https:\/\/pcf08.com\/wp-content\/uploads\/2026\/01\/211_banniere-300x169.jpg 300w, https:\/\/pcf08.com\/wp-content\/uploads\/2026\/01\/211_banniere-768x432.jpg 768w, https:\/\/pcf08.com\/wp-content\/uploads\/2026\/01\/211_banniere.jpg 800w\" sizes=\"(max-width: 300px) 100vw, 300px\" \/><\/a><\/p>\n<\/div>\n<\/div><\/div><\/div><\/div><\/div><\/div><\/div>","protected":false},"excerpt":{"rendered":"<p>\u00c0 moins de 2 mois du 1er tour des \u00e9lections municipales, notre liste \u00ab\u00a0Ensemble\u00a0: une autre ville\u00a0\u00bb a l\u2019ambition de reconqu\u00e9rir la mairie de Charleville-M\u00e9zi\u00e8res au service de toutes les populations. La suite de l&rsquo;\u00e9dito Le Conseil D\u00e9partemental (CD) des Ardennes, comme beaucoup d\u2019autres conseils d\u00e9partementaux, dont une grande partie sont g\u00e9r\u00e9es par une majorit\u00e9 [&hellip;]<\/p>\n","protected":false},"author":1,"featured_media":0,"parent":0,"menu_order":0,"comment_status":"closed","ping_status":"closed","template":"","meta":{"saved_in_kubio":true,"footnotes":""},"class_list":["post-12","page","type-page","status-publish","hentry"],"kubio_ai_page_context":{"short_desc":"","purpose":"general"},"_links":{"self":[{"href":"https:\/\/pcf08.com\/index.php\/wp-json\/wp\/v2\/pages\/12","targetHints":{"allow":["GET"]}}],"collection":[{"href":"https:\/\/pcf08.com\/index.php\/wp-json\/wp\/v2\/pages"}],"about":[{"href":"https:\/\/pcf08.com\/index.php\/wp-json\/wp\/v2\/types\/page"}],"author":[{"embeddable":true,"href":"https:\/\/pcf08.com\/index.php\/wp-json\/wp\/v2\/users\/1"}],"replies":[{"embeddable":true,"href":"https:\/\/pcf08.com\/index.php\/wp-json\/wp\/v2\/comments?post=12"}],"version-history":[{"count":253,"href":"https:\/\/pcf08.com\/index.php\/wp-json\/wp\/v2\/pages\/12\/revisions"}],"predecessor-version":[{"id":3875,"href":"https:\/\/pcf08.com\/index.php\/wp-json\/wp\/v2\/pages\/12\/revisions\/3875"}],"wp:attachment":[{"href":"https:\/\/pcf08.com\/index.php\/wp-json\/wp\/v2\/media?parent=12"}],"curies":[{"name":"wp","href":"https:\/\/api.w.org\/{rel}","templated":true}]}}